{"id":14935,"date":"2024-11-02T21:49:09","date_gmt":"2024-11-02T21:49:09","guid":{"rendered":"https:\/\/toguide.pt\/?page_id=14935"},"modified":"2025-05-07T11:38:09","modified_gmt":"2025-05-07T11:38:09","slug":"contacto","status":"publish","type":"page","link":"https:\/\/toguide.pt\/index.php\/contacto\/","title":{"rendered":"Contacto"},"content":{"rendered":"\t\t<div data-elementor-type=\"wp-page\" data-elementor-id=\"14935\" class=\"elementor elementor-14935\" data-elementor-post-type=\"page\">\n\t\t\t\t\t\t<section class=\"elementor-section elementor-top-section elementor-element elementor-element-3dac61c4 elementor-section-height-min-height elementor-section-boxed elementor-section-height-default elementor-section-items-middle\" data-id=\"3dac61c4\" data-element_type=\"section\" data-e-type=\"section\" data-settings=\"{&quot;background_background&quot;:&quot;classic&quot;}\">\n\t\t\t\t\t\t\t<div class=\"elementor-background-overlay\"><\/div>\n\t\t\t\t\t\t\t<div class=\"elementor-container elementor-column-gap-wider\">\n\t\t\t\t\t<div class=\"elementor-column elementor-col-100 elementor-top-column elementor-element elementor-element-750a87bb\" data-id=\"750a87bb\" data-element_type=\"column\" data-e-type=\"column\">\n\t\t\t<div class=\"elementor-widget-wrap elementor-element-populated\">\n\t\t\t\t\t\t<div class=\"elementor-element elementor-element-7f48364 elementor-widget__width-auto de_scroll_animation_no elementor-widget elementor-widget-de-breadcrumb\" data-id=\"7f48364\" data-element_type=\"widget\" data-e-type=\"widget\" data-widget_type=\"de-breadcrumb.default\">\n\t\t\t\t<div class=\"elementor-widget-container\">\n\t\t\t\t\t\t\t\t<div class=\"breadcrumbs\">\n\t\t\t\t<a href=\"https:\/\/toguide.pt\" rel=\"nofollow\">Home<\/a>\t\t\t<\/div>\n\t\t\t\t\t\t<\/div>\n\t\t\t\t<\/div>\n\t\t\t\t<div class=\"elementor-element elementor-element-76a09a24 de_scroll_animation_no elementor-invisible elementor-widget elementor-widget-heading\" data-id=\"76a09a24\" data-element_type=\"widget\" data-e-type=\"widget\" data-settings=\"{&quot;_animation&quot;:&quot;fadeInUp&quot;,&quot;_animation_delay&quot;:600}\" data-widget_type=\"heading.default\">\n\t\t\t\t<div class=\"elementor-widget-container\">\n\t\t\t\t\t<h1 class=\"elementor-heading-title elementor-size-default\">Contacto<\/h1>\t\t\t\t<\/div>\n\t\t\t\t<\/div>\n\t\t\t\t\t<\/div>\n\t\t<\/div>\n\t\t\t\t\t<\/div>\n\t\t<\/section>\n\t\t\t\t<section class=\"elementor-section elementor-top-section elementor-element elementor-element-5d0a5831 elementor-section-boxed elementor-section-height-default elementor-section-height-default\" data-id=\"5d0a5831\" data-element_type=\"section\" data-e-type=\"section\">\n\t\t\t\t\t\t<div class=\"elementor-container elementor-column-gap-wider\">\n\t\t\t\t\t<div class=\"elementor-column elementor-col-33 elementor-top-column elementor-element elementor-element-5b60018\" data-id=\"5b60018\" data-element_type=\"column\" data-e-type=\"column\">\n\t\t\t<div class=\"elementor-widget-wrap elementor-element-populated\">\n\t\t\t\t\t\t<div class=\"elementor-element elementor-element-51bcad0d de_scroll_animation_no elementor-invisible elementor-widget elementor-widget-heading\" data-id=\"51bcad0d\" data-element_type=\"widget\" data-e-type=\"widget\" data-settings=\"{&quot;_animation&quot;:&quot;fadeInDown&quot;}\" data-widget_type=\"heading.default\">\n\t\t\t\t<div class=\"elementor-widget-container\">\n\t\t\t\t\t<h2 class=\"elementor-heading-title elementor-size-default\">Vamos conversar?<\/h2>\t\t\t\t<\/div>\n\t\t\t\t<\/div>\n\t\t\t\t<div class=\"elementor-element elementor-element-27026696 de_scroll_animation_no elementor-invisible elementor-widget elementor-widget-text-editor\" data-id=\"27026696\" data-element_type=\"widget\" data-e-type=\"widget\" data-settings=\"{&quot;_animation&quot;:&quot;fadeInDown&quot;}\" data-widget_type=\"text-editor.default\">\n\t\t\t\t<div class=\"elementor-widget-container\">\n\t\t\t\t\t\t\t\t\t<p>Se tiver alguma d\u00favida, sugest\u00e3o ou coment\u00e1rio, por favor, deixe-nos uma mensagem. Estamos aqui para ajudar e responder o mais r\u00e1pido poss\u00edvel. As suas ideias e objectivos s\u00e3o muito importantes para n\u00f3s.<\/p>\t\t\t\t\t\t\t\t<\/div>\n\t\t\t\t<\/div>\n\t\t\t\t<div class=\"elementor-element elementor-element-132e3bcf elementor-mobile-align-center de_scroll_animation_no elementor-invisible elementor-widget elementor-widget-button\" data-id=\"132e3bcf\" data-element_type=\"widget\" data-e-type=\"widget\" data-settings=\"{&quot;_animation&quot;:&quot;fadeInDown&quot;}\" data-widget_type=\"button.default\">\n\t\t\t\t<div class=\"elementor-widget-container\">\n\t\t\t\t\t\t\t\t\t<div class=\"elementor-button-wrapper\">\n\t\t\t\t\t<a class=\"elementor-button elementor-button-link elementor-size-sm\" href=\"#formcontacto\">\n\t\t\t\t\t\t<span class=\"elementor-button-content-wrapper\">\n\t\t\t\t\t\t\t\t\t<span class=\"elementor-button-text\">contacto<\/span>\n\t\t\t\t\t<\/span>\n\t\t\t\t\t<\/a>\n\t\t\t\t<\/div>\n\t\t\t\t\t\t\t\t<\/div>\n\t\t\t\t<\/div>\n\t\t\t\t<div class=\"elementor-element elementor-element-10bccea3 elementor-widget-divider--view-line de_scroll_animation_no elementor-widget elementor-widget-divider\" data-id=\"10bccea3\" data-element_type=\"widget\" data-e-type=\"widget\" data-widget_type=\"divider.default\">\n\t\t\t\t<div class=\"elementor-widget-container\">\n\t\t\t\t\t\t\t<div class=\"elementor-divider\">\n\t\t\t<span class=\"elementor-divider-separator\">\n\t\t\t\t\t\t<\/span>\n\t\t<\/div>\n\t\t\t\t\t\t<\/div>\n\t\t\t\t<\/div>\n\t\t\t\t<div class=\"elementor-element elementor-element-22af682f elementor-view-stacked elementor-position-inline-start elementor-shape-circle elementor-mobile-position-block-start de_scroll_animation_no elementor-widget elementor-widget-icon-box\" data-id=\"22af682f\" data-element_type=\"widget\" data-e-type=\"widget\" data-widget_type=\"icon-box.default\">\n\t\t\t\t<div class=\"elementor-widget-container\">\n\t\t\t\t\t\t\t<div class=\"elementor-icon-box-wrapper\">\n\n\t\t\t\t\t\t<div class=\"elementor-icon-box-icon\">\n\t\t\t\t<span  class=\"elementor-icon\">\n\t\t\t\t<i aria-hidden=\"true\" class=\"icon dticon-call-outline\"><\/i>\t\t\t\t<\/span>\n\t\t\t<\/div>\n\t\t\t\n\t\t\t\t\t\t<div class=\"elementor-icon-box-content\">\n\n\t\t\t\t\t\t\t\t\t<div class=\"elementor-icon-box-title\">\n\t\t\t\t\t\t<span  >\n\t\t\t\t\t\t\tSeg. a sex. 9am - 19pm\t\t\t\t\t\t<\/span>\n\t\t\t\t\t<\/div>\n\t\t\t\t\n\t\t\t\t\t\t\t\t\t<p class=\"elementor-icon-box-description\">\n\t\t\t\t\t\t+351 211 380 752\t\t\t\t\t<\/p>\n\t\t\t\t\n\t\t\t<\/div>\n\t\t\t\n\t\t<\/div>\n\t\t\t\t\t\t<\/div>\n\t\t\t\t<\/div>\n\t\t\t\t\t<\/div>\n\t\t<\/div>\n\t\t\t\t<div class=\"elementor-column elementor-col-33 elementor-top-column elementor-element elementor-element-7f0c56d1\" data-id=\"7f0c56d1\" data-element_type=\"column\" data-e-type=\"column\">\n\t\t\t<div class=\"elementor-widget-wrap\">\n\t\t\t\t\t\t\t<\/div>\n\t\t<\/div>\n\t\t\t\t<div class=\"elementor-column elementor-col-33 elementor-top-column elementor-element elementor-element-287bd2bf\" data-id=\"287bd2bf\" data-element_type=\"column\" data-e-type=\"column\">\n\t\t\t<div class=\"elementor-widget-wrap elementor-element-populated\">\n\t\t\t\t\t\t<div class=\"elementor-element elementor-element-5c76985f de_scroll_animation_no elementor-invisible elementor-widget elementor-widget-image\" data-id=\"5c76985f\" data-element_type=\"widget\" data-e-type=\"widget\" data-settings=\"{&quot;_animation&quot;:&quot;fadeInDown&quot;}\" data-widget_type=\"image.default\">\n\t\t\t\t<div class=\"elementor-widget-container\">\n\t\t\t\t\t\t\t\t\t\t\t\t\t\t\t<img fetchpriority=\"high\" decoding=\"async\" width=\"800\" height=\"534\" src=\"https:\/\/toguide.pt\/wp-content\/uploads\/2024\/06\/Guia-Digital-Smartphone-toGuide-1024x683.jpg\" class=\"attachment-large size-large wp-image-14174\" alt=\"banner2\" srcset=\"https:\/\/toguide.pt\/wp-content\/uploads\/2024\/06\/Guia-Digital-Smartphone-toGuide-1024x683.jpg 1024w, https:\/\/toguide.pt\/wp-content\/uploads\/2024\/06\/Guia-Digital-Smartphone-toGuide-300x200.jpg 300w, https:\/\/toguide.pt\/wp-content\/uploads\/2024\/06\/Guia-Digital-Smartphone-toGuide-768x512.jpg 768w, https:\/\/toguide.pt\/wp-content\/uploads\/2024\/06\/Guia-Digital-Smartphone-toGuide-1536x1024.jpg 1536w, https:\/\/toguide.pt\/wp-content\/uploads\/2024\/06\/Guia-Digital-Smartphone-toGuide-2048x1365.jpg 2048w\" sizes=\"(max-width: 800px) 100vw, 800px\" \/>\t\t\t\t\t\t\t\t\t\t\t\t\t\t\t<\/div>\n\t\t\t\t<\/div>\n\t\t\t\t\t<\/div>\n\t\t<\/div>\n\t\t\t\t\t<\/div>\n\t\t<\/section>\n\t\t\t\t<section class=\"elementor-section elementor-top-section elementor-element elementor-element-55eba889 elementor-section-boxed elementor-section-height-default elementor-section-height-default\" data-id=\"55eba889\" data-element_type=\"section\" data-e-type=\"section\" id=\"formcontacto\">\n\t\t\t\t\t\t<div class=\"elementor-container elementor-column-gap-wider\">\n\t\t\t\t\t<div class=\"elementor-column elementor-col-33 elementor-top-column elementor-element elementor-element-7346d000\" data-id=\"7346d000\" data-element_type=\"column\" data-e-type=\"column\">\n\t\t\t<div class=\"elementor-widget-wrap elementor-element-populated\">\n\t\t\t\t\t\t<div class=\"elementor-element elementor-element-297716fe de_scroll_animation_no elementor-invisible elementor-widget elementor-widget-heading\" data-id=\"297716fe\" data-element_type=\"widget\" data-e-type=\"widget\" data-settings=\"{&quot;_animation&quot;:&quot;fadeInDown&quot;}\" data-widget_type=\"heading.default\">\n\t\t\t\t<div class=\"elementor-widget-container\">\n\t\t\t\t\t<h2 class=\"elementor-heading-title elementor-size-default\">Formul\u00e1rio online<\/h2>\t\t\t\t<\/div>\n\t\t\t\t<\/div>\n\t\t\t\t<div class=\"elementor-element elementor-element-73ff814 de_scroll_animation_no elementor-invisible elementor-widget elementor-widget-text-editor\" data-id=\"73ff814\" data-element_type=\"widget\" data-e-type=\"widget\" data-settings=\"{&quot;_animation&quot;:&quot;fadeInDown&quot;}\" data-widget_type=\"text-editor.default\">\n\t\t\t\t<div class=\"elementor-widget-container\">\n\t\t\t\t\t\t\t\t\t<p>Tem um projeto em mente? Estamos aqui para ajudar a torn\u00e1-lo realidade.<\/p>\t\t\t\t\t\t\t\t<\/div>\n\t\t\t\t<\/div>\n\t\t\t\t<div class=\"elementor-element elementor-element-47788e65 elementor-widget__width-initial elementor-widget-mobile__width-inherit de_scroll_animation_no elementor-invisible elementor-widget elementor-widget-text-editor\" data-id=\"47788e65\" data-element_type=\"widget\" data-e-type=\"widget\" data-settings=\"{&quot;_animation&quot;:&quot;fadeInDown&quot;}\" data-widget_type=\"text-editor.default\">\n\t\t\t\t<div class=\"elementor-widget-container\">\n\t\t\t\t\t\t\t\t\t<h6>Portugal, Lisboa<\/h6><p>Rua Moeda 1 Sala 3 120-275 Lisboa.<\/p><p>+351 211 380 752<br \/>(chamada para a rede fixa)<\/p>\t\t\t\t\t\t\t\t<\/div>\n\t\t\t\t<\/div>\n\t\t\t\t\t<\/div>\n\t\t<\/div>\n\t\t\t\t<div class=\"elementor-column elementor-col-33 elementor-top-column elementor-element elementor-element-6c0618e4\" data-id=\"6c0618e4\" data-element_type=\"column\" data-e-type=\"column\">\n\t\t\t<div class=\"elementor-widget-wrap\">\n\t\t\t\t\t\t\t<\/div>\n\t\t<\/div>\n\t\t\t\t<div class=\"elementor-column elementor-col-33 elementor-top-column elementor-element elementor-element-5e514b0\" data-id=\"5e514b0\" data-element_type=\"column\" data-e-type=\"column\">\n\t\t\t<div class=\"elementor-widget-wrap elementor-element-populated\">\n\t\t\t\t\t\t<div class=\"elementor-element elementor-element-6f8ab7ef elementor-button-align-stretch de_scroll_animation_no elementor-widget elementor-widget-form\" data-id=\"6f8ab7ef\" data-element_type=\"widget\" data-e-type=\"widget\" data-settings=\"{&quot;step_next_label&quot;:&quot;Next&quot;,&quot;step_previous_label&quot;:&quot;Previous&quot;,&quot;button_width&quot;:&quot;33&quot;,&quot;step_type&quot;:&quot;number_text&quot;,&quot;step_icon_shape&quot;:&quot;circle&quot;}\" data-widget_type=\"form.default\">\n\t\t\t\t<div class=\"elementor-widget-container\">\n\t\t\t\t\t\t\t<form class=\"elementor-form\" method=\"post\" name=\"Fomulario contacto\" aria-label=\"Fomulario contacto\">\n\t\t\t<input type=\"hidden\" name=\"post_id\" value=\"14935\"\/>\n\t\t\t<input type=\"hidden\" name=\"form_id\" value=\"6f8ab7ef\"\/>\n\t\t\t<input type=\"hidden\" name=\"referer_title\" value=\"Contacto - toGuide\" \/>\n\n\t\t\t\t\t\t\t<input type=\"hidden\" name=\"queried_id\" value=\"14935\"\/>\n\t\t\t\n\t\t\t<div class=\"elementor-form-fields-wrapper elementor-labels-\">\n\t\t\t\t\t\t\t\t<div class=\"elementor-field-type-text elementor-field-group elementor-column elementor-field-group-name elementor-col-100\">\n\t\t\t\t\t\t\t\t\t\t\t\t<label for=\"form-field-name\" class=\"elementor-field-label elementor-screen-only\">\n\t\t\t\t\t\t\t\tNome\t\t\t\t\t\t\t<\/label>\n\t\t\t\t\t\t\t\t\t\t\t\t\t\t<input size=\"1\" type=\"text\" name=\"form_fields[name]\" id=\"form-field-name\" class=\"elementor-field elementor-size-sm  elementor-field-textual\" placeholder=\"Nome\">\n\t\t\t\t\t\t\t\t\t\t\t<\/div>\n\t\t\t\t\t\t\t\t<div class=\"elementor-field-type-email elementor-field-group elementor-column elementor-field-group-email elementor-col-100 elementor-field-required\">\n\t\t\t\t\t\t\t\t\t\t\t\t<label for=\"form-field-email\" class=\"elementor-field-label elementor-screen-only\">\n\t\t\t\t\t\t\t\tEmail\t\t\t\t\t\t\t<\/label>\n\t\t\t\t\t\t\t\t\t\t\t\t\t\t<input size=\"1\" type=\"email\" name=\"form_fields[email]\" id=\"form-field-email\" class=\"elementor-field elementor-size-sm  elementor-field-textual\" placeholder=\"Email\" required=\"required\">\n\t\t\t\t\t\t\t\t\t\t\t<\/div>\n\t\t\t\t\t\t\t\t<div class=\"elementor-field-type-textarea elementor-field-group elementor-column elementor-field-group-message elementor-col-100\">\n\t\t\t\t\t\t\t\t\t\t\t\t<label for=\"form-field-message\" class=\"elementor-field-label elementor-screen-only\">\n\t\t\t\t\t\t\t\tMensagem\t\t\t\t\t\t\t<\/label>\n\t\t\t\t\t\t<textarea class=\"elementor-field-textual elementor-field  elementor-size-sm\" name=\"form_fields[message]\" id=\"form-field-message\" rows=\"4\" placeholder=\"Mensagem\"><\/textarea>\t\t\t\t<\/div>\n\t\t\t\t\t\t\t\t<div class=\"elementor-field-group elementor-column elementor-field-type-submit elementor-col-33 e-form__buttons\">\n\t\t\t\t\t<button class=\"elementor-button elementor-size-sm\" type=\"submit\">\n\t\t\t\t\t\t<span class=\"elementor-button-content-wrapper\">\n\t\t\t\t\t\t\t\t\t\t\t\t\t\t\t\t\t\t\t\t\t\t<span class=\"elementor-button-text\">Enviar<\/span>\n\t\t\t\t\t\t\t\t\t\t\t\t\t<\/span>\n\t\t\t\t\t<\/button>\n\t\t\t\t<\/div>\n\t\t\t<\/div>\n\t\t<\/form>\n\t\t\t\t\t\t<\/div>\n\t\t\t\t<\/div>\n\t\t\t\t\t<\/div>\n\t\t<\/div>\n\t\t\t\t\t<\/div>\n\t\t<\/section>\n\t\t\t\t<\/div>\n\t\t","protected":false},"excerpt":{"rendered":"<p>Home Contacto Vamos conversar? Se tiver alguma d\u00favida, sugest\u00e3o ou coment\u00e1rio, por favor, deixe-nos uma mensagem. Estamos aqui para ajudar e responder o mais r\u00e1pido poss\u00edvel. As suas ideias e objectivos s\u00e3o muito importantes para n\u00f3s. contacto Seg. a sex. 9am &#8211; 19pm +351 211 380 752 Formul\u00e1rio online Tem um projeto em mente? Estamos [&hellip;]<\/p>\n","protected":false},"author":1,"featured_media":14485,"parent":0,"menu_order":0,"comment_status":"closed","ping_status":"closed","template":"","meta":{"footnotes":""},"class_list":["post-14935","page","type-page","status-publish","has-post-thumbnail","hentry"],"yoast_head":"<!-- This site is optimized with the Yoast SEO Premium plugin v27.4 (Yoast SEO v27.4) - https:\/\/yoast.com\/product\/yoast-seo-premium-wordpress\/ -->\n<title>Contacto - toGuide<\/title>\n<meta name=\"robots\" content=\"index, follow, max-snippet:-1, max-image-preview:large, max-video-preview:-1\" \/>\n<link rel=\"canonical\" href=\"https:\/\/toguide.pt\/index.php\/contacto\/\" \/>\n<meta property=\"og:locale\" content=\"pt_PT\" \/>\n<meta property=\"og:type\" content=\"article\" \/>\n<meta property=\"og:title\" content=\"Contacto\" \/>\n<meta property=\"og:description\" content=\"Home Contacto Vamos conversar? Se tiver alguma d\u00favida, sugest\u00e3o ou coment\u00e1rio, por favor, deixe-nos uma mensagem. Estamos aqui para ajudar e responder o mais r\u00e1pido poss\u00edvel. As suas ideias e objectivos s\u00e3o muito importantes para n\u00f3s. contacto Seg. a sex. 9am &#8211; 19pm +351 211 380 752 Formul\u00e1rio online Tem um projeto em mente? Estamos [&hellip;]\" \/>\n<meta property=\"og:url\" content=\"https:\/\/toguide.pt\/index.php\/contacto\/\" \/>\n<meta property=\"og:site_name\" content=\"toGuide\" \/>\n<meta property=\"article:publisher\" content=\"https:\/\/www.facebook.com\/ToGuide-137128699686533\" \/>\n<meta property=\"article:modified_time\" content=\"2025-05-07T11:38:09+00:00\" \/>\n<meta property=\"og:image\" content=\"https:\/\/toguide.pt\/wp-content\/uploads\/2024\/08\/people-in-a-technology-cyber-space-meeting.webp\" \/>\n\t<meta property=\"og:image:width\" content=\"1920\" \/>\n\t<meta property=\"og:image:height\" content=\"1327\" \/>\n\t<meta property=\"og:image:type\" content=\"image\/webp\" \/>\n<meta name=\"twitter:card\" content=\"summary_large_image\" \/>\n<meta name=\"twitter:label1\" content=\"Tempo estimado de leitura\" \/>\n\t<meta name=\"twitter:data1\" content=\"1 minuto\" \/>\n<script type=\"application\/ld+json\" class=\"yoast-schema-graph\">{\"@context\":\"https:\\\/\\\/schema.org\",\"@graph\":[{\"@type\":\"WebPage\",\"@id\":\"https:\\\/\\\/toguide.pt\\\/index.php\\\/contacto\\\/\",\"url\":\"https:\\\/\\\/toguide.pt\\\/index.php\\\/contacto\\\/\",\"name\":\"Contacto - toGuide\",\"isPartOf\":{\"@id\":\"https:\\\/\\\/toguide.pt\\\/#website\"},\"primaryImageOfPage\":{\"@id\":\"https:\\\/\\\/toguide.pt\\\/index.php\\\/contacto\\\/#primaryimage\"},\"image\":{\"@id\":\"https:\\\/\\\/toguide.pt\\\/index.php\\\/contacto\\\/#primaryimage\"},\"thumbnailUrl\":\"https:\\\/\\\/toguide.pt\\\/wp-content\\\/uploads\\\/2024\\\/08\\\/people-in-a-technology-cyber-space-meeting.webp\",\"datePublished\":\"2024-11-02T21:49:09+00:00\",\"dateModified\":\"2025-05-07T11:38:09+00:00\",\"breadcrumb\":{\"@id\":\"https:\\\/\\\/toguide.pt\\\/index.php\\\/contacto\\\/#breadcrumb\"},\"inLanguage\":\"pt-PT\",\"potentialAction\":[{\"@type\":\"ReadAction\",\"target\":[\"https:\\\/\\\/toguide.pt\\\/index.php\\\/contacto\\\/\"]}]},{\"@type\":\"ImageObject\",\"inLanguage\":\"pt-PT\",\"@id\":\"https:\\\/\\\/toguide.pt\\\/index.php\\\/contacto\\\/#primaryimage\",\"url\":\"https:\\\/\\\/toguide.pt\\\/wp-content\\\/uploads\\\/2024\\\/08\\\/people-in-a-technology-cyber-space-meeting.webp\",\"contentUrl\":\"https:\\\/\\\/toguide.pt\\\/wp-content\\\/uploads\\\/2024\\\/08\\\/people-in-a-technology-cyber-space-meeting.webp\",\"width\":1920,\"height\":1327,\"caption\":\"Mesas Touch\"},{\"@type\":\"BreadcrumbList\",\"@id\":\"https:\\\/\\\/toguide.pt\\\/index.php\\\/contacto\\\/#breadcrumb\",\"itemListElement\":[{\"@type\":\"ListItem\",\"position\":1,\"name\":\"In\u00edcio\",\"item\":\"https:\\\/\\\/toguide.pt\\\/\"},{\"@type\":\"ListItem\",\"position\":2,\"name\":\"Contacto\"}]},{\"@type\":\"WebSite\",\"@id\":\"https:\\\/\\\/toguide.pt\\\/#website\",\"url\":\"https:\\\/\\\/toguide.pt\\\/\",\"name\":\"toGuide | Solu\u00e7\u00f5es Digitais Turismo\",\"description\":\"Sistemas de de apoio ao visitante\",\"publisher\":{\"@id\":\"https:\\\/\\\/toguide.pt\\\/#organization\"},\"potentialAction\":[{\"@type\":\"SearchAction\",\"target\":{\"@type\":\"EntryPoint\",\"urlTemplate\":\"https:\\\/\\\/toguide.pt\\\/?s={search_term_string}\"},\"query-input\":{\"@type\":\"PropertyValueSpecification\",\"valueRequired\":true,\"valueName\":\"search_term_string\"}}],\"inLanguage\":\"pt-PT\"},{\"@type\":[\"Organization\",\"Place\"],\"@id\":\"https:\\\/\\\/toguide.pt\\\/#organization\",\"name\":\"toGuide\",\"url\":\"https:\\\/\\\/toguide.pt\\\/\",\"logo\":{\"@id\":\"https:\\\/\\\/toguide.pt\\\/index.php\\\/contacto\\\/#local-main-organization-logo\"},\"image\":{\"@id\":\"https:\\\/\\\/toguide.pt\\\/index.php\\\/contacto\\\/#local-main-organization-logo\"},\"sameAs\":[\"https:\\\/\\\/www.facebook.com\\\/ToGuide-137128699686533\",\"https:\\\/\\\/www.instagram.com\\\/_toguide_\\\/\",\"https:\\\/\\\/www.linkedin.com\\\/company\\\/toguide\",\"https:\\\/\\\/www.youtube.com\\\/channel\\\/UCRTW8m6zcktf7T_uZw6a9CA\"],\"telephone\":[],\"openingHoursSpecification\":[{\"@type\":\"OpeningHoursSpecification\",\"dayOfWeek\":[\"Monday\",\"Tuesday\",\"Wednesday\",\"Thursday\",\"Friday\",\"Saturday\",\"Sunday\"],\"opens\":\"09:00\",\"closes\":\"17:00\"}]},{\"@type\":\"ImageObject\",\"inLanguage\":\"pt-PT\",\"@id\":\"https:\\\/\\\/toguide.pt\\\/index.php\\\/contacto\\\/#local-main-organization-logo\",\"url\":\"https:\\\/\\\/toguide.pt\\\/wp-content\\\/uploads\\\/2021\\\/06\\\/Logo-toGuide_mobile.png\",\"contentUrl\":\"https:\\\/\\\/toguide.pt\\\/wp-content\\\/uploads\\\/2021\\\/06\\\/Logo-toGuide_mobile.png\",\"width\":1499,\"height\":1499,\"caption\":\"toGuide\"}]}<\/script>\n<!-- \/ Yoast SEO Premium plugin. -->","yoast_head_json":{"title":"Contacto - toGuide","robots":{"index":"index","follow":"follow","max-snippet":"max-snippet:-1","max-image-preview":"max-image-preview:large","max-video-preview":"max-video-preview:-1"},"canonical":"https:\/\/toguide.pt\/index.php\/contacto\/","og_locale":"pt_PT","og_type":"article","og_title":"Contacto","og_description":"Home Contacto Vamos conversar? Se tiver alguma d\u00favida, sugest\u00e3o ou coment\u00e1rio, por favor, deixe-nos uma mensagem. Estamos aqui para ajudar e responder o mais r\u00e1pido poss\u00edvel. As suas ideias e objectivos s\u00e3o muito importantes para n\u00f3s. contacto Seg. a sex. 9am &#8211; 19pm +351 211 380 752 Formul\u00e1rio online Tem um projeto em mente? Estamos [&hellip;]","og_url":"https:\/\/toguide.pt\/index.php\/contacto\/","og_site_name":"toGuide","article_publisher":"https:\/\/www.facebook.com\/ToGuide-137128699686533","article_modified_time":"2025-05-07T11:38:09+00:00","og_image":[{"width":1920,"height":1327,"url":"https:\/\/toguide.pt\/wp-content\/uploads\/2024\/08\/people-in-a-technology-cyber-space-meeting.webp","type":"image\/webp"}],"twitter_card":"summary_large_image","twitter_misc":{"Tempo estimado de leitura":"1 minuto"},"schema":{"@context":"https:\/\/schema.org","@graph":[{"@type":"WebPage","@id":"https:\/\/toguide.pt\/index.php\/contacto\/","url":"https:\/\/toguide.pt\/index.php\/contacto\/","name":"Contacto - toGuide","isPartOf":{"@id":"https:\/\/toguide.pt\/#website"},"primaryImageOfPage":{"@id":"https:\/\/toguide.pt\/index.php\/contacto\/#primaryimage"},"image":{"@id":"https:\/\/toguide.pt\/index.php\/contacto\/#primaryimage"},"thumbnailUrl":"https:\/\/toguide.pt\/wp-content\/uploads\/2024\/08\/people-in-a-technology-cyber-space-meeting.webp","datePublished":"2024-11-02T21:49:09+00:00","dateModified":"2025-05-07T11:38:09+00:00","breadcrumb":{"@id":"https:\/\/toguide.pt\/index.php\/contacto\/#breadcrumb"},"inLanguage":"pt-PT","potentialAction":[{"@type":"ReadAction","target":["https:\/\/toguide.pt\/index.php\/contacto\/"]}]},{"@type":"ImageObject","inLanguage":"pt-PT","@id":"https:\/\/toguide.pt\/index.php\/contacto\/#primaryimage","url":"https:\/\/toguide.pt\/wp-content\/uploads\/2024\/08\/people-in-a-technology-cyber-space-meeting.webp","contentUrl":"https:\/\/toguide.pt\/wp-content\/uploads\/2024\/08\/people-in-a-technology-cyber-space-meeting.webp","width":1920,"height":1327,"caption":"Mesas Touch"},{"@type":"BreadcrumbList","@id":"https:\/\/toguide.pt\/index.php\/contacto\/#breadcrumb","itemListElement":[{"@type":"ListItem","position":1,"name":"In\u00edcio","item":"https:\/\/toguide.pt\/"},{"@type":"ListItem","position":2,"name":"Contacto"}]},{"@type":"WebSite","@id":"https:\/\/toguide.pt\/#website","url":"https:\/\/toguide.pt\/","name":"toGuide | Solu\u00e7\u00f5es Digitais Turismo","description":"Sistemas de de apoio ao visitante","publisher":{"@id":"https:\/\/toguide.pt\/#organization"},"potentialAction":[{"@type":"SearchAction","target":{"@type":"EntryPoint","urlTemplate":"https:\/\/toguide.pt\/?s={search_term_string}"},"query-input":{"@type":"PropertyValueSpecification","valueRequired":true,"valueName":"search_term_string"}}],"inLanguage":"pt-PT"},{"@type":["Organization","Place"],"@id":"https:\/\/toguide.pt\/#organization","name":"toGuide","url":"https:\/\/toguide.pt\/","logo":{"@id":"https:\/\/toguide.pt\/index.php\/contacto\/#local-main-organization-logo"},"image":{"@id":"https:\/\/toguide.pt\/index.php\/contacto\/#local-main-organization-logo"},"sameAs":["https:\/\/www.facebook.com\/ToGuide-137128699686533","https:\/\/www.instagram.com\/_toguide_\/","https:\/\/www.linkedin.com\/company\/toguide","https:\/\/www.youtube.com\/channel\/UCRTW8m6zcktf7T_uZw6a9CA"],"telephone":[],"openingHoursSpecification":[{"@type":"OpeningHoursSpecification","dayOfWeek":["Monday","Tuesday","Wednesday","Thursday","Friday","Saturday","Sunday"],"opens":"09:00","closes":"17:00"}]},{"@type":"ImageObject","inLanguage":"pt-PT","@id":"https:\/\/toguide.pt\/index.php\/contacto\/#local-main-organization-logo","url":"https:\/\/toguide.pt\/wp-content\/uploads\/2021\/06\/Logo-toGuide_mobile.png","contentUrl":"https:\/\/toguide.pt\/wp-content\/uploads\/2021\/06\/Logo-toGuide_mobile.png","width":1499,"height":1499,"caption":"toGuide"}]}},"_links":{"self":[{"href":"https:\/\/toguide.pt\/index.php\/wp-json\/wp\/v2\/pages\/14935","targetHints":{"allow":["GET"]}}],"collection":[{"href":"https:\/\/toguide.pt\/index.php\/wp-json\/wp\/v2\/pages"}],"about":[{"href":"https:\/\/toguide.pt\/index.php\/wp-json\/wp\/v2\/types\/page"}],"author":[{"embeddable":true,"href":"https:\/\/toguide.pt\/index.php\/wp-json\/wp\/v2\/users\/1"}],"replies":[{"embeddable":true,"href":"https:\/\/toguide.pt\/index.php\/wp-json\/wp\/v2\/comments?post=14935"}],"version-history":[{"count":0,"href":"https:\/\/toguide.pt\/index.php\/wp-json\/wp\/v2\/pages\/14935\/revisions"}],"wp:featuredmedia":[{"embeddable":true,"href":"https:\/\/toguide.pt\/index.php\/wp-json\/wp\/v2\/media\/14485"}],"wp:attachment":[{"href":"https:\/\/toguide.pt\/index.php\/wp-json\/wp\/v2\/media?parent=14935"}],"curies":[{"name":"wp","href":"https:\/\/api.w.org\/{rel}","templated":true}]}}