{"id":309,"date":"2021-06-13T16:38:29","date_gmt":"2021-06-13T16:38:29","guid":{"rendered":"https:\/\/toguide.wespeak.pt\/?page_id=309"},"modified":"2025-05-16T22:14:17","modified_gmt":"2025-05-16T22:14:17","slug":"header","status":"publish","type":"page","link":"https:\/\/toguide.pt\/index.php\/header\/","title":{"rendered":"Header"},"content":{"rendered":"\t\t<div data-elementor-type=\"wp-page\" data-elementor-id=\"309\" class=\"elementor elementor-309\" data-elementor-post-type=\"page\">\n\t\t\t\t\t\t<section class=\"elementor-section elementor-top-section elementor-element elementor-element-7c1f71ea elementor-section-full_width elementor-hidden-phone elementor-section-height-default elementor-section-height-default\" data-id=\"7c1f71ea\" data-element_type=\"section\" data-e-type=\"section\" data-settings=\"{&quot;background_background&quot;:&quot;classic&quot;}\">\n\t\t\t\t\t\t<div class=\"elementor-container elementor-column-gap-wider\">\n\t\t\t\t\t<div class=\"elementor-column elementor-col-100 elementor-top-column elementor-element elementor-element-7a895b8\" data-id=\"7a895b8\" data-element_type=\"column\" data-e-type=\"column\">\n\t\t\t<div class=\"elementor-widget-wrap\">\n\t\t\t\t\t\t\t<\/div>\n\t\t<\/div>\n\t\t\t\t\t<\/div>\n\t\t<\/section>\n\t\t\t\t<\/div>\n\t\t","protected":false},"excerpt":{"rendered":"","protected":false},"author":1,"featured_media":0,"parent":0,"menu_order":0,"comment_status":"closed","ping_status":"closed","template":"","meta":{"footnotes":""},"class_list":["post-309","page","type-page","status-publish","hentry"],"yoast_head":"<!-- This site is optimized with the Yoast SEO Premium plugin v27.4 (Yoast SEO v27.4) - https:\/\/yoast.com\/product\/yoast-seo-premium-wordpress\/ -->\n<title>Header - toGuide<\/title>\n<meta name=\"description\" content=\"Solu\u00e7\u00f5es de transi\u00e7\u00e3o digital para turismo, cultura e patrim\u00f3nio. Conhe\u00e7a as nossas solu\u00e7\u00f5es e amplie a sua experi\u00eancia de visita.\" \/>\n<meta name=\"robots\" content=\"index, follow, max-snippet:-1, max-image-preview:large, max-video-preview:-1\" \/>\n<link rel=\"canonical\" href=\"https:\/\/toguide.pt\/index.php\/header\/\" \/>\n<meta property=\"og:locale\" content=\"pt_PT\" \/>\n<meta property=\"og:type\" content=\"article\" \/>\n<meta property=\"og:title\" content=\"Header\" \/>\n<meta property=\"og:description\" content=\"Solu\u00e7\u00f5es de transi\u00e7\u00e3o digital para turismo, cultura e patrim\u00f3nio. Conhe\u00e7a as nossas solu\u00e7\u00f5es e amplie a sua experi\u00eancia de visita.\" \/>\n<meta property=\"og:url\" content=\"https:\/\/toguide.pt\/index.php\/header\/\" \/>\n<meta property=\"og:site_name\" content=\"toGuide\" \/>\n<meta property=\"article:publisher\" content=\"https:\/\/www.facebook.com\/ToGuide-137128699686533\" \/>\n<meta property=\"article:modified_time\" content=\"2025-05-16T22:14:17+00:00\" \/>\n<meta property=\"og:image\" content=\"https:\/\/toguide.pt\/wp-content\/uploads\/2021\/06\/Logo-toGuide_mobile.png\" \/>\n\t<meta property=\"og:image:width\" content=\"1499\" \/>\n\t<meta property=\"og:image:height\" content=\"1499\" \/>\n\t<meta property=\"og:image:type\" content=\"image\/png\" \/>\n<meta name=\"twitter:card\" content=\"summary_large_image\" \/>\n<script type=\"application\/ld+json\" class=\"yoast-schema-graph\">{\"@context\":\"https:\\\/\\\/schema.org\",\"@graph\":[{\"@type\":\"WebPage\",\"@id\":\"https:\\\/\\\/toguide.pt\\\/index.php\\\/header\\\/\",\"url\":\"https:\\\/\\\/toguide.pt\\\/index.php\\\/header\\\/\",\"name\":\"Header - toGuide\",\"isPartOf\":{\"@id\":\"https:\\\/\\\/toguide.pt\\\/#website\"},\"datePublished\":\"2021-06-13T16:38:29+00:00\",\"dateModified\":\"2025-05-16T22:14:17+00:00\",\"description\":\"Solu\u00e7\u00f5es de transi\u00e7\u00e3o digital para turismo, cultura e patrim\u00f3nio. Conhe\u00e7a as nossas solu\u00e7\u00f5es e amplie a sua experi\u00eancia de visita.\",\"breadcrumb\":{\"@id\":\"https:\\\/\\\/toguide.pt\\\/index.php\\\/header\\\/#breadcrumb\"},\"inLanguage\":\"pt-PT\",\"potentialAction\":[{\"@type\":\"ReadAction\",\"target\":[\"https:\\\/\\\/toguide.pt\\\/index.php\\\/header\\\/\"]}]},{\"@type\":\"BreadcrumbList\",\"@id\":\"https:\\\/\\\/toguide.pt\\\/index.php\\\/header\\\/#breadcrumb\",\"itemListElement\":[{\"@type\":\"ListItem\",\"position\":1,\"name\":\"In\u00edcio\",\"item\":\"https:\\\/\\\/toguide.pt\\\/\"},{\"@type\":\"ListItem\",\"position\":2,\"name\":\"Header\"}]},{\"@type\":\"WebSite\",\"@id\":\"https:\\\/\\\/toguide.pt\\\/#website\",\"url\":\"https:\\\/\\\/toguide.pt\\\/\",\"name\":\"toGuide | Solu\u00e7\u00f5es Digitais Turismo\",\"description\":\"Sistemas de de apoio ao visitante\",\"publisher\":{\"@id\":\"https:\\\/\\\/toguide.pt\\\/#organization\"},\"potentialAction\":[{\"@type\":\"SearchAction\",\"target\":{\"@type\":\"EntryPoint\",\"urlTemplate\":\"https:\\\/\\\/toguide.pt\\\/?s={search_term_string}\"},\"query-input\":{\"@type\":\"PropertyValueSpecification\",\"valueRequired\":true,\"valueName\":\"search_term_string\"}}],\"inLanguage\":\"pt-PT\"},{\"@type\":[\"Organization\",\"Place\"],\"@id\":\"https:\\\/\\\/toguide.pt\\\/#organization\",\"name\":\"toGuide\",\"url\":\"https:\\\/\\\/toguide.pt\\\/\",\"logo\":{\"@id\":\"https:\\\/\\\/toguide.pt\\\/index.php\\\/header\\\/#local-main-organization-logo\"},\"image\":{\"@id\":\"https:\\\/\\\/toguide.pt\\\/index.php\\\/header\\\/#local-main-organization-logo\"},\"sameAs\":[\"https:\\\/\\\/www.facebook.com\\\/ToGuide-137128699686533\",\"https:\\\/\\\/www.instagram.com\\\/_toguide_\\\/\",\"https:\\\/\\\/www.linkedin.com\\\/company\\\/toguide\",\"https:\\\/\\\/www.youtube.com\\\/channel\\\/UCRTW8m6zcktf7T_uZw6a9CA\"],\"telephone\":[],\"openingHoursSpecification\":[{\"@type\":\"OpeningHoursSpecification\",\"dayOfWeek\":[\"Monday\",\"Tuesday\",\"Wednesday\",\"Thursday\",\"Friday\",\"Saturday\",\"Sunday\"],\"opens\":\"09:00\",\"closes\":\"17:00\"}]},{\"@type\":\"ImageObject\",\"inLanguage\":\"pt-PT\",\"@id\":\"https:\\\/\\\/toguide.pt\\\/index.php\\\/header\\\/#local-main-organization-logo\",\"url\":\"https:\\\/\\\/toguide.pt\\\/wp-content\\\/uploads\\\/2021\\\/06\\\/Logo-toGuide_mobile.png\",\"contentUrl\":\"https:\\\/\\\/toguide.pt\\\/wp-content\\\/uploads\\\/2021\\\/06\\\/Logo-toGuide_mobile.png\",\"width\":1499,\"height\":1499,\"caption\":\"toGuide\"}]}<\/script>\n<!-- \/ Yoast SEO Premium plugin. -->","yoast_head_json":{"title":"Header - toGuide","description":"Solu\u00e7\u00f5es de transi\u00e7\u00e3o digital para turismo, cultura e patrim\u00f3nio. Conhe\u00e7a as nossas solu\u00e7\u00f5es e amplie a sua experi\u00eancia de visita.","robots":{"index":"index","follow":"follow","max-snippet":"max-snippet:-1","max-image-preview":"max-image-preview:large","max-video-preview":"max-video-preview:-1"},"canonical":"https:\/\/toguide.pt\/index.php\/header\/","og_locale":"pt_PT","og_type":"article","og_title":"Header","og_description":"Solu\u00e7\u00f5es de transi\u00e7\u00e3o digital para turismo, cultura e patrim\u00f3nio. Conhe\u00e7a as nossas solu\u00e7\u00f5es e amplie a sua experi\u00eancia de visita.","og_url":"https:\/\/toguide.pt\/index.php\/header\/","og_site_name":"toGuide","article_publisher":"https:\/\/www.facebook.com\/ToGuide-137128699686533","article_modified_time":"2025-05-16T22:14:17+00:00","og_image":[{"width":1499,"height":1499,"url":"https:\/\/toguide.pt\/wp-content\/uploads\/2021\/06\/Logo-toGuide_mobile.png","type":"image\/png"}],"twitter_card":"summary_large_image","schema":{"@context":"https:\/\/schema.org","@graph":[{"@type":"WebPage","@id":"https:\/\/toguide.pt\/index.php\/header\/","url":"https:\/\/toguide.pt\/index.php\/header\/","name":"Header - toGuide","isPartOf":{"@id":"https:\/\/toguide.pt\/#website"},"datePublished":"2021-06-13T16:38:29+00:00","dateModified":"2025-05-16T22:14:17+00:00","description":"Solu\u00e7\u00f5es de transi\u00e7\u00e3o digital para turismo, cultura e patrim\u00f3nio. Conhe\u00e7a as nossas solu\u00e7\u00f5es e amplie a sua experi\u00eancia de visita.","breadcrumb":{"@id":"https:\/\/toguide.pt\/index.php\/header\/#breadcrumb"},"inLanguage":"pt-PT","potentialAction":[{"@type":"ReadAction","target":["https:\/\/toguide.pt\/index.php\/header\/"]}]},{"@type":"BreadcrumbList","@id":"https:\/\/toguide.pt\/index.php\/header\/#breadcrumb","itemListElement":[{"@type":"ListItem","position":1,"name":"In\u00edcio","item":"https:\/\/toguide.pt\/"},{"@type":"ListItem","position":2,"name":"Header"}]},{"@type":"WebSite","@id":"https:\/\/toguide.pt\/#website","url":"https:\/\/toguide.pt\/","name":"toGuide | Solu\u00e7\u00f5es Digitais Turismo","description":"Sistemas de de apoio ao visitante","publisher":{"@id":"https:\/\/toguide.pt\/#organization"},"potentialAction":[{"@type":"SearchAction","target":{"@type":"EntryPoint","urlTemplate":"https:\/\/toguide.pt\/?s={search_term_string}"},"query-input":{"@type":"PropertyValueSpecification","valueRequired":true,"valueName":"search_term_string"}}],"inLanguage":"pt-PT"},{"@type":["Organization","Place"],"@id":"https:\/\/toguide.pt\/#organization","name":"toGuide","url":"https:\/\/toguide.pt\/","logo":{"@id":"https:\/\/toguide.pt\/index.php\/header\/#local-main-organization-logo"},"image":{"@id":"https:\/\/toguide.pt\/index.php\/header\/#local-main-organization-logo"},"sameAs":["https:\/\/www.facebook.com\/ToGuide-137128699686533","https:\/\/www.instagram.com\/_toguide_\/","https:\/\/www.linkedin.com\/company\/toguide","https:\/\/www.youtube.com\/channel\/UCRTW8m6zcktf7T_uZw6a9CA"],"telephone":[],"openingHoursSpecification":[{"@type":"OpeningHoursSpecification","dayOfWeek":["Monday","Tuesday","Wednesday","Thursday","Friday","Saturday","Sunday"],"opens":"09:00","closes":"17:00"}]},{"@type":"ImageObject","inLanguage":"pt-PT","@id":"https:\/\/toguide.pt\/index.php\/header\/#local-main-organization-logo","url":"https:\/\/toguide.pt\/wp-content\/uploads\/2021\/06\/Logo-toGuide_mobile.png","contentUrl":"https:\/\/toguide.pt\/wp-content\/uploads\/2021\/06\/Logo-toGuide_mobile.png","width":1499,"height":1499,"caption":"toGuide"}]}},"_links":{"self":[{"href":"https:\/\/toguide.pt\/index.php\/wp-json\/wp\/v2\/pages\/309","targetHints":{"allow":["GET"]}}],"collection":[{"href":"https:\/\/toguide.pt\/index.php\/wp-json\/wp\/v2\/pages"}],"about":[{"href":"https:\/\/toguide.pt\/index.php\/wp-json\/wp\/v2\/types\/page"}],"author":[{"embeddable":true,"href":"https:\/\/toguide.pt\/index.php\/wp-json\/wp\/v2\/users\/1"}],"replies":[{"embeddable":true,"href":"https:\/\/toguide.pt\/index.php\/wp-json\/wp\/v2\/comments?post=309"}],"version-history":[{"count":0,"href":"https:\/\/toguide.pt\/index.php\/wp-json\/wp\/v2\/pages\/309\/revisions"}],"wp:attachment":[{"href":"https:\/\/toguide.pt\/index.php\/wp-json\/wp\/v2\/media?parent=309"}],"curies":[{"name":"wp","href":"https:\/\/api.w.org\/{rel}","templated":true}]}}